{"id":1663,"date":"2025-11-13T14:13:55","date_gmt":"2025-11-13T14:13:55","guid":{"rendered":"https:\/\/cwpagos.com\/?post_type=product&#038;p=1663"},"modified":"2025-11-14T13:51:27","modified_gmt":"2025-11-14T13:51:27","slug":"actualizacion-de-software","status":"publish","type":"product","link":"https:\/\/cwpagos.com\/index.php\/product\/actualizacion-de-software\/","title":{"rendered":"Actualizaci\u00f3n de Software"},"content":{"rendered":"<p>Servicio de actualizaci\u00f3n y mantenimiento digital de soluciones tecnol\u00f3gicas provistas por CW Pagos Global SRL.<\/p>\n","protected":false},"excerpt":{"rendered":"<p>Actualizaci\u00f3n de componentes digitales, revisi\u00f3n de versiones y ajuste de funcionalidades en soluciones tecnol\u00f3gicas administradas por CW Pagos Global SRL.<br data-start=\"1869\" data-end=\"1872\" \/>Servicio digital. No incluye desarrollo personalizado.<\/p>\n","protected":false},"featured_media":1665,"comment_status":"open","ping_status":"closed","template":"","meta":[],"product_brand":[],"product_cat":[142],"product_tag":[],"class_list":{"0":"post-1663","1":"product","2":"type-product","3":"status-publish","4":"has-post-thumbnail","6":"product_cat-soporte-tecnico","8":"first","9":"instock","10":"shipping-taxable","11":"purchasable","12":"product-type-simple"},"jetpack_sharing_enabled":true,"_links":{"self":[{"href":"https:\/\/cwpagos.com\/index.php\/wp-json\/wp\/v2\/product\/1663","targetHints":{"allow":["GET"]}}],"collection":[{"href":"https:\/\/cwpagos.com\/index.php\/wp-json\/wp\/v2\/product"}],"about":[{"href":"https:\/\/cwpagos.com\/index.php\/wp-json\/wp\/v2\/types\/product"}],"replies":[{"embeddable":true,"href":"https:\/\/cwpagos.com\/index.php\/wp-json\/wp\/v2\/comments?post=1663"}],"wp:featuredmedia":[{"embeddable":true,"href":"https:\/\/cwpagos.com\/index.php\/wp-json\/wp\/v2\/media\/1665"}],"wp:attachment":[{"href":"https:\/\/cwpagos.com\/index.php\/wp-json\/wp\/v2\/media?parent=1663"}],"wp:term":[{"taxonomy":"product_brand","embeddable":true,"href":"https:\/\/cwpagos.com\/index.php\/wp-json\/wp\/v2\/product_brand?post=1663"},{"taxonomy":"product_cat","embeddable":true,"href":"https:\/\/cwpagos.com\/index.php\/wp-json\/wp\/v2\/product_cat?post=1663"},{"taxonomy":"product_tag","embeddable":true,"href":"https:\/\/cwpagos.com\/index.php\/wp-json\/wp\/v2\/product_tag?post=1663"}],"curies":[{"name":"wp","href":"https:\/\/api.w.org\/{rel}","templated":true}]}}