{"id":1661,"date":"2025-11-13T14:12:49","date_gmt":"2025-11-13T14:12:49","guid":{"rendered":"https:\/\/cwpagos.com\/?post_type=product&#038;p=1661"},"modified":"2025-11-14T13:51:43","modified_gmt":"2025-11-14T13:51:43","slug":"servicio-tecnico-digital","status":"publish","type":"product","link":"https:\/\/cwpagos.com\/index.php\/product\/servicio-tecnico-digital\/","title":{"rendered":"Servicio T\u00e9cnico Digital"},"content":{"rendered":"<p>Asistencia remota para configuraci\u00f3n, verificaci\u00f3n y ajuste de servicios digitales operados por CW Pagos Global SRL.<\/p>\n<p>&nbsp;<\/p>\n","protected":false},"excerpt":{"rendered":"<p data-start=\"399\" data-end=\"909\">Servicio t\u00e9cnico digital destinado a la revisi\u00f3n general de configuraciones, asistencia remota y verificaci\u00f3n de funcionamiento de servicios y soluciones tecnol\u00f3gicas provistas por CW Pagos Global SRL.<br data-start=\"830\" data-end=\"833\" \/>Producto 100% digital. No incluye soporte de MoviPlus (ver sitio oficial).<\/p>\n","protected":false},"featured_media":1667,"comment_status":"open","ping_status":"closed","template":"","meta":[],"product_brand":[],"product_cat":[142],"product_tag":[],"class_list":{"0":"post-1661","1":"product","2":"type-product","3":"status-publish","4":"has-post-thumbnail","6":"product_cat-soporte-tecnico","8":"first","9":"instock","10":"virtual","11":"purchasable","12":"product-type-simple"},"jetpack_sharing_enabled":true,"_links":{"self":[{"href":"https:\/\/cwpagos.com\/index.php\/wp-json\/wp\/v2\/product\/1661","targetHints":{"allow":["GET"]}}],"collection":[{"href":"https:\/\/cwpagos.com\/index.php\/wp-json\/wp\/v2\/product"}],"about":[{"href":"https:\/\/cwpagos.com\/index.php\/wp-json\/wp\/v2\/types\/product"}],"replies":[{"embeddable":true,"href":"https:\/\/cwpagos.com\/index.php\/wp-json\/wp\/v2\/comments?post=1661"}],"wp:featuredmedia":[{"embeddable":true,"href":"https:\/\/cwpagos.com\/index.php\/wp-json\/wp\/v2\/media\/1667"}],"wp:attachment":[{"href":"https:\/\/cwpagos.com\/index.php\/wp-json\/wp\/v2\/media?parent=1661"}],"wp:term":[{"taxonomy":"product_brand","embeddable":true,"href":"https:\/\/cwpagos.com\/index.php\/wp-json\/wp\/v2\/product_brand?post=1661"},{"taxonomy":"product_cat","embeddable":true,"href":"https:\/\/cwpagos.com\/index.php\/wp-json\/wp\/v2\/product_cat?post=1661"},{"taxonomy":"product_tag","embeddable":true,"href":"https:\/\/cwpagos.com\/index.php\/wp-json\/wp\/v2\/product_tag?post=1661"}],"curies":[{"name":"wp","href":"https:\/\/api.w.org\/{rel}","templated":true}]}}