{"id":1453,"date":"2025-09-08T18:22:46","date_gmt":"2025-09-08T18:22:46","guid":{"rendered":"https:\/\/cwpagos.com\/?post_type=product&#038;p=1453"},"modified":"2026-02-10T21:09:58","modified_gmt":"2026-02-10T21:09:58","slug":"moviplus","status":"publish","type":"product","link":"https:\/\/cwpagos.com\/index.php\/product\/moviplus\/","title":{"rendered":"Abono Mensual MoviPlus \u2013 Titulares"},"content":{"rendered":"<p data-start=\"1148\" data-end=\"1285\">El <strong data-start=\"1151\" data-end=\"1169\">Abono MoviPlus<\/strong> es el \u00fanico servicio oficial de suscripci\u00f3n para conductores titulares registrados en la aplicaci\u00f3n <strong data-start=\"1270\" data-end=\"1282\">MoviPlus<\/strong>.<\/p>\n<p>Al abonar este servicio, el titular mantiene activo su acceso a la plataforma y a las funciones de la app, incluyendo:<\/p>\n<ul data-start=\"1413\" data-end=\"1585\">\n<li data-start=\"1413\" data-end=\"1463\">\n<p data-start=\"1415\" data-end=\"1463\">Validaci\u00f3n y mantenimiento de su cuenta activa<\/p>\n<\/li>\n<li data-start=\"1466\" data-end=\"1497\">\n<p data-start=\"1468\" data-end=\"1497\">Acceso al sistema de viajes<\/p>\n<\/li>\n<li data-start=\"1500\" data-end=\"1541\">\n<p data-start=\"1502\" data-end=\"1541\">Emisi\u00f3n y seguimiento de comprobantes<\/p>\n<\/li>\n<li data-start=\"1544\" data-end=\"1581\">\n<p data-start=\"1546\" data-end=\"1581\">Actualizaciones y soporte t\u00e9cnico<\/p>\n<\/li>\n<\/ul>\n<p data-start=\"1588\" data-end=\"1717\">\u26a0\ufe0f Este producto no tiene entrega f\u00edsica. Descarga la app en <a href=\"https:\/\/play.google.com\/store\/apps\/details?id=ar.com.crayonweb.movitaxichofer&amp;hl=es_UY\">GOOGLE PLAY<\/a><br data-start=\"1629\" data-end=\"1632\" \/>Es un servicio digital que se activa autom\u00e1ticamente tras la confirmaci\u00f3n del pago.<\/p>\n<p>MoviPlus opera como Platarforma Electr\u00f3nica legal aprobada por Resoluci\u00f3n N\u00ba 283\/24. N\u00ba 22 de inscripci\u00f3n.<\/p>\n","protected":false},"excerpt":{"rendered":"<p data-start=\"652\" data-end=\"843\">Servicio digital de suscripci\u00f3n mensual para titulares de la aplicaci\u00f3n <strong data-start=\"724\" data-end=\"736\">MoviPlus<\/strong>.<br data-start=\"737\" data-end=\"740\" \/>Este abono habilita el uso de la plataforma y las herramientas de gesti\u00f3n para conductores activos.<\/p>\n<p data-start=\"850\" data-end=\"946\">\ud83d\udcb3 Producto 100 % digital.<br data-start=\"876\" data-end=\"879\" \/>\ud83d\udd01 Renovaci\u00f3n mensual.<br data-start=\"903\" data-end=\"906\" \/>\ud83d\ude97 Un abono por veh\u00edculo registrado.<\/p>\n<p data-start=\"953\" data-end=\"1023\">M\u00e1s informaci\u00f3n en <a class=\"decorated-link\" href=\"https:\/\/www.moviplus.com.ar\/\" target=\"_new\" rel=\"noopener\" data-start=\"972\" data-end=\"1023\">www.moviplus.com.ar<\/a><\/p>\n","protected":false},"featured_media":1676,"comment_status":"open","ping_status":"closed","template":"","meta":[],"product_brand":[],"product_cat":[136],"product_tag":[],"class_list":{"0":"post-1453","1":"product","2":"type-product","3":"status-publish","4":"has-post-thumbnail","6":"product_cat-moviplus","8":"first","9":"instock","10":"virtual","11":"sold-individually","12":"purchasable","13":"product-type-simple"},"jetpack_sharing_enabled":true,"_links":{"self":[{"href":"https:\/\/cwpagos.com\/index.php\/wp-json\/wp\/v2\/product\/1453","targetHints":{"allow":["GET"]}}],"collection":[{"href":"https:\/\/cwpagos.com\/index.php\/wp-json\/wp\/v2\/product"}],"about":[{"href":"https:\/\/cwpagos.com\/index.php\/wp-json\/wp\/v2\/types\/product"}],"replies":[{"embeddable":true,"href":"https:\/\/cwpagos.com\/index.php\/wp-json\/wp\/v2\/comments?post=1453"}],"wp:featuredmedia":[{"embeddable":true,"href":"https:\/\/cwpagos.com\/index.php\/wp-json\/wp\/v2\/media\/1676"}],"wp:attachment":[{"href":"https:\/\/cwpagos.com\/index.php\/wp-json\/wp\/v2\/media?parent=1453"}],"wp:term":[{"taxonomy":"product_brand","embeddable":true,"href":"https:\/\/cwpagos.com\/index.php\/wp-json\/wp\/v2\/product_brand?post=1453"},{"taxonomy":"product_cat","embeddable":true,"href":"https:\/\/cwpagos.com\/index.php\/wp-json\/wp\/v2\/product_cat?post=1453"},{"taxonomy":"product_tag","embeddable":true,"href":"https:\/\/cwpagos.com\/index.php\/wp-json\/wp\/v2\/product_tag?post=1453"}],"curies":[{"name":"wp","href":"https:\/\/api.w.org\/{rel}","templated":true}]}}