{"id":1549,"date":"2025-11-12T18:35:04","date_gmt":"2025-11-12T18:35:04","guid":{"rendered":"https:\/\/cwpagos.com\/?page_id=1549"},"modified":"2025-11-14T13:54:16","modified_gmt":"2025-11-14T13:54:16","slug":"bienvenido-2","status":"publish","type":"page","link":"https:\/\/cwpagos.com\/","title":{"rendered":"Bienvenido"},"content":{"rendered":"\n<p><strong><a href=\"https:\/\/www.cwpagos.com\/\" data-type=\"link\" data-id=\"https:\/\/www.cwpagos.com\/\">CW Pagos Global SRL<\/a> <\/strong>es una empresa de desarrollo de software dedicada a la creaci\u00f3n de soluciones m\u00f3viles y plataformas digitales orientadas al sector del transporte y la movilidad.<\/p>\n\n\n\n<p>La aplicaci\u00f3n <strong><a href=\"https:\/\/www.moviplus.com.ar\/\" data-type=\"link\" data-id=\"https:\/\/www.moviplus.com.ar\/\" target=\"_blank\" rel=\"noreferrer noopener\">MoviPlus<\/a><\/strong>, es un sistema digital para la gesti\u00f3n y despacho autom\u00e1tico de viajes, que conecta conductores registrados con pasajeros de manera segura y eficiente.<\/p>\n\n\n\n<p>El servicio es de <strong>car\u00e1cter digital<\/strong>, se comercializa mediante suscripci\u00f3n mensual, y est\u00e1 destinado exclusivamente a conductores titulares habilitados dentro de la plataforma <strong><a href=\"https:\/\/www.moviplus.com.ar\/\" data-type=\"link\" data-id=\"https:\/\/www.moviplus.com.ar\/\">MoviPlus<\/a><\/strong>.<\/p>\n\n\n\n<p><strong><a href=\"https:\/\/www.moviplus.com.ar\/\" data-type=\"link\" data-id=\"https:\/\/www.moviplus.com.ar\/\">MoviPlus<\/a><\/strong> opera como <strong>Platarforma Electr\u00f3nica de Transporte<\/strong> legal aprobada por Resoluci\u00f3n N\u00ba 283\/24. N\u00ba 22 de inscripci\u00f3n en la ciudad de <strong>Rosario<\/strong>.<br><br>Descarga la app en&nbsp;<a href=\"https:\/\/play.google.com\/store\/apps\/details?id=ar.com.crayonweb.movitaxichofer&amp;hl=es_UY\">GOOGLE PLAY<\/a><\/p>\n\n\n\n<p>Si sos titular de taxis de la ciudad de <strong>Rosario<\/strong> podes usar el siguiente carro de comprar para <strong>abonar<\/strong> tu mensualidad por el servicio. Cuando registremos el pago, automaticamente tu m\u00f3vil quedar\u00e1 habilitado para utilizar la app. Tambi\u00e9n podes ingresar a nuestra <a href=\"https:\/\/cwpagos.com\/index.php\/shop-2\/\" data-type=\"page\" data-id=\"1207\">TIENDA<\/a> y elegir m\u00e1s opciones de abono.<\/p>\n\n\n\n<p>Agreg\u00e1 <em>&#8220;Abono Mensual MoviPlus \u2013 Titulares&#8221;<\/em> para continuar:<\/p>\n\n\n\n<p class=\"has-small-font-size\"><\/p>\n\n\n\n<div style=\"height:100px\" aria-hidden=\"true\" class=\"wp-block-spacer\"><\/div>\n\n\n\n<div data-block-name=\"woocommerce\/single-product\" data-product-id=\"1453\" data-wp-context=\"{&quot;productId&quot;:1453,&quot;variationId&quot;:null}\" data-wp-interactive=\"woocommerce\/single-product\" class=\"wp-block-woocommerce-single-product woocommerce\">\n<div class=\"wp-block-columns is-layout-flex wp-container-core-columns-is-layout-28f84493 wp-block-columns-is-layout-flex\">\n<div class=\"wp-block-column is-layout-flow wp-block-column-is-layout-flow\"><div data-block-name=\"woocommerce\/product-image\" data-font-size=\"small\" data-height=\"200px\" data-is-descendent-of-single-product-block=\"true\" data-show-product-link=\"false\" data-show-sale-badge=\"false\" data-style=\"{&quot;spacing&quot;:{&quot;padding&quot;:{&quot;top&quot;:&quot;0&quot;,&quot;bottom&quot;:&quot;0&quot;,&quot;left&quot;:&quot;0&quot;,&quot;right&quot;:&quot;0&quot;},&quot;margin&quot;:{&quot;top&quot;:&quot;var:preset|spacing|40&quot;,&quot;bottom&quot;:&quot;var:preset|spacing|40&quot;,&quot;left&quot;:&quot;var:preset|spacing|40&quot;,&quot;right&quot;:&quot;var:preset|spacing|40&quot;}},&quot;dimensions&quot;:{&quot;aspectRatio&quot;:&quot;1&quot;}}\" data-width=\"200px\" style=\"margin-top:var(--wp--preset--spacing--40);margin-bottom:var(--wp--preset--spacing--40);margin-left:var(--wp--preset--spacing--40);margin-right:var(--wp--preset--spacing--40); padding-top:0;padding-bottom:0;padding-left:0;padding-right:0; padding-top:0;padding-bottom:0;padding-left:0;padding-right:0;margin-top:var(--wp--preset--spacing--40);margin-bottom:var(--wp--preset--spacing--40);margin-left:var(--wp--preset--spacing--40);margin-right:var(--wp--preset--spacing--40);\" class=\"wc-block-components-product-image wc-block-grid__product-image wc-block-components-product-image--aspect-ratio-1 has-font-size has-small-font-size wp-block-woocommerce-product-image\"><a href=\"#\" onclick=\"return false;\" style=\"pointer-events: none; cursor: default;\" ><img fetchpriority=\"high\" decoding=\"async\" width=\"600\" height=\"600\" src=\"https:\/\/cwpagos.com\/wp-content\/uploads\/2025\/09\/Sin-titulo-1-600x600.jpeg\" class=\"attachment-woocommerce_single size-woocommerce_single\" alt=\"Abono Mensual MoviPlus \u2013 Titulares\" data-testid=\"product-image\" data-image-id=\"1676\" style=\"height:200px;width:200px;object-fit:cover;aspect-ratio:1;\" srcset=\"https:\/\/cwpagos.com\/wp-content\/uploads\/2025\/09\/Sin-titulo-1-600x600.jpeg 600w, https:\/\/cwpagos.com\/wp-content\/uploads\/2025\/09\/Sin-titulo-1-300x300.jpeg 300w, https:\/\/cwpagos.com\/wp-content\/uploads\/2025\/09\/Sin-titulo-1-1024x1024.jpeg 1024w, https:\/\/cwpagos.com\/wp-content\/uploads\/2025\/09\/Sin-titulo-1-150x150.jpeg 150w, https:\/\/cwpagos.com\/wp-content\/uploads\/2025\/09\/Sin-titulo-1-768x768.jpeg 768w, https:\/\/cwpagos.com\/wp-content\/uploads\/2025\/09\/Sin-titulo-1-100x100.jpeg 100w, https:\/\/cwpagos.com\/wp-content\/uploads\/2025\/09\/Sin-titulo-1.jpeg 1080w\" sizes=\"(max-width: 600px) 100vw, 600px\" \/><div class=\"wc-block-components-product-image__inner-container\">\n\n<\/div><\/a><\/div><\/div>\n\n\n\n<div class=\"wp-block-column is-layout-flow wp-block-column-is-layout-flow\"><h4 class=\"wp-block-post-title\"><a href=\"https:\/\/cwpagos.com\/index.php\/product\/moviplus\/\" target=\"_self\" >Abono Mensual MoviPlus \u2013 Titulares<\/a><\/h4>\n\n\n\n<div data-block-name=\"woocommerce\/product-price\" data-font-size=\"large\" data-is-descendent-of-single-product-block=\"true\" class=\"wp-block-woocommerce-product-price\" ><div class=\"wc-block-components-product-price wc-block-grid__product-price  has-font-size has-large-font-size\" style=\"\" >\n\t\t\t\t\t<span class=\"woocommerce-Price-amount amount\"><bdi><span class=\"woocommerce-Price-currencySymbol\">ARS $<\/span>&nbsp;21.170,00<\/bdi><\/span>\n\t\t\t\t<\/div><\/div>\n\n<div data-block-name=\"woocommerce\/product-summary\" data-is-descendent-of-single-product-block=\"true\" data-summary-length=\"12\" class=\"wp-block-woocommerce-product-summary\"><div class=\"wc-block-components-product-summary \" style=\"\">\n\t\t\t\t<p>Servicio digital de suscripci\u00f3n mensual para titulares de la aplicaci\u00f3n MoviPlus.Este abono&hellip;<\/p>\n\n\t\t\t<\/div><\/div>\n\n<div data-block-name=\"woocommerce\/add-to-cart-form\" class=\"wp-block-add-to-cart-form wc-block-add-to-cart-form wc-block-add-to-cart-form--input wp-block-woocommerce-add-to-cart-form\" >\n\t\n\t<form class=\"cart\" action=\"https:\/\/cwpagos.com\/index.php\/product\/moviplus\/\" method=\"post\" enctype='multipart\/form-data'>\n\t\t\n\t\t<div class=\"quantity\">\n\t\t<label class=\"screen-reader-text\" for=\"quantity_69e0ccfa78da1\">Abono Mensual MoviPlus \u2013 Titulares cantidad<\/label>\n\t<input\n\t\ttype=\"hidden\"\n\t\t\t\tid=\"quantity_69e0ccfa78da1\"\n\t\tclass=\"input-text qty text\"\n\t\tname=\"quantity\"\n\t\tvalue=\"1\"\n\t\taria-label=\"Product quantity\"\n\t\t\t\tmin=\"1\"\n\t\t\t\t\tmax=\"1\"\n\t\t\t\t\t\t\tstep=\"1\"\n\t\t\tplaceholder=\"\"\n\t\t\tinputmode=\"numeric\"\n\t\t\tautocomplete=\"off\"\n\t\t\t\/>\n\t<\/div>\n\n\t\t<button type=\"submit\" name=\"add-to-cart\" value=\"1453\" class=\"single_add_to_cart_button button alt wp-element-button\">Agregar al carrito<\/button>\n\n\t\t\t<\/form>\n\n\t\n<\/div>\n\n\n<div data-block-name=\"woocommerce\/product-meta\" class=\"wp-block-woocommerce-product-meta\">\n<div class=\"wp-block-group is-nowrap is-layout-flex wp-container-core-group-is-layout-6c531013 wp-block-group-is-layout-flex\">\n\n<div class=\"taxonomy-product_cat wp-block-post-terms has-small-font-size\"><span class=\"wp-block-post-terms__prefix\">Category: <\/span><a href=\"https:\/\/cwpagos.com\/index.php\/product-category\/moviplus\/\" rel=\"tag\">MoviPlus<\/a><\/div>\n\n<\/div>\n<\/div>\n<\/div>\n<\/div>\n<\/div>\n\n\n\n<p class=\"has-small-font-size\"><\/p>\n\n\n\n<div class=\"wp-block-buttons is-content-justification-center is-layout-flex wp-container-core-buttons-is-layout-a89b3969 wp-block-buttons-is-layout-flex\">\n<div class=\"wp-block-button\"><a class=\"wp-block-button__link has-accent-3-background-color has-background has-text-align-center wp-element-button\" href=\"https:\/\/cwpagos.com\/index.php\/shop-2\/\">IR A TIENDA<\/a><\/div>\n<\/div>\n\n\n\n<p><a href=\"http:\/\/qr.afip.gob.ar\/?qr=ZNGBW2R5vDBLotoXE-4ejg,,\"><\/a><a href=\"http:\/\/qr.afip.gob.ar\/?qr=ZNGBW2R5vDBLotoXE-4ejg,,\"><\/a><\/p>\n","protected":false},"excerpt":{"rendered":"<p>CW Pagos Global SRL es una empresa de desarrollo de software dedicada a la creaci\u00f3n de soluciones m\u00f3viles y plataformas digitales orientadas al sector del transporte y la movilidad. La aplicaci\u00f3n MoviPlus, es un sistema digital para la gesti\u00f3n y despacho autom\u00e1tico de viajes, que conecta conductores registrados con pasajeros de manera segura y eficiente. [&hellip;]<\/p>\n","protected":false},"author":1,"featured_media":0,"parent":0,"menu_order":0,"comment_status":"closed","ping_status":"closed","template":"","meta":{"footnotes":""},"class_list":["post-1549","page","type-page","status-publish","hentry"],"jetpack_sharing_enabled":true,"_links":{"self":[{"href":"https:\/\/cwpagos.com\/index.php\/wp-json\/wp\/v2\/pages\/1549","targetHints":{"allow":["GET"]}}],"collection":[{"href":"https:\/\/cwpagos.com\/index.php\/wp-json\/wp\/v2\/pages"}],"about":[{"href":"https:\/\/cwpagos.com\/index.php\/wp-json\/wp\/v2\/types\/page"}],"author":[{"embeddable":true,"href":"https:\/\/cwpagos.com\/index.php\/wp-json\/wp\/v2\/users\/1"}],"replies":[{"embeddable":true,"href":"https:\/\/cwpagos.com\/index.php\/wp-json\/wp\/v2\/comments?post=1549"}],"version-history":[{"count":23,"href":"https:\/\/cwpagos.com\/index.php\/wp-json\/wp\/v2\/pages\/1549\/revisions"}],"predecessor-version":[{"id":1680,"href":"https:\/\/cwpagos.com\/index.php\/wp-json\/wp\/v2\/pages\/1549\/revisions\/1680"}],"wp:attachment":[{"href":"https:\/\/cwpagos.com\/index.php\/wp-json\/wp\/v2\/media?parent=1549"}],"curies":[{"name":"wp","href":"https:\/\/api.w.org\/{rel}","templated":true}]}}